{"id":92,"date":"2013-12-11T21:34:33","date_gmt":"2013-12-11T20:34:33","guid":{"rendered":"http:\/\/www.bergstugan.net\/?page_id=92"},"modified":"2024-05-26T21:43:45","modified_gmt":"2024-05-26T19:43:45","slug":"har-ser-man-den-vackra-vyn-fran-bergstugan","status":"publish","type":"page","link":"https:\/\/www.bergstugan.net\/?page_id=92","title":{"rendered":"Boka oss"},"content":{"rendered":"\n<h4 class=\"wp-block-heading\"><strong>Helger och kv\u00e4llar har vi festv\u00e5nings verksamhet.<\/strong><\/h4>\n\n\n\n<p>Vi har lokalen, maten, drycken &amp; personalen f\u00f6r att g\u00f6ra er fest.<\/p>\n\n\n\n<p>Oavsett om Ni gifter er, fyller \u00e5r, eller vill samla familjen, v\u00e4nner, jobbkamraterna eller idrottsg\u00e4nget.<\/p>\n\n\n\n<p>Minsta antal \u00e4r ca 25 personer,\u00a0kontakta oss om du \u00e4r tveksam om antalet<strong>.<\/strong><\/p>\n\n\n\n<p>Restaurangen har&nbsp;fullst\u00e4ndiga r\u00e4ttigheter och vi &#8221;garanterar&#8221; en h\u00e4rlig utsikt.<\/p>\n\n\n\n<p>Vi skr\u00e4ddarsyr menyn samt dukar upp efter era \u00f6nskem\u00e5l.<\/p>\n\n\n\n<p>Vill du boka oss kv\u00e4llar eller helger kontakta oss p\u00e5 <a href=\"mailto:info@bergstugan.net\">info@bergstugan.net<\/a><\/p>\n\n\n\n<p>Ring oss p\u00e5 0176-10129<\/p>\n\n\n\n<p>Vi \u00f6nskar er varmt v\u00e4lkomna!<\/p>\n\n\n<p style=\"text-align: center;\">\n<\/p>\n<p><a href=\"https:\/\/www.bergstugan.net\/wp-content\/uploads\/2022\/06\/cropped-cropped-4-rotated-1.jpg\"><img decoding=\"async\" loading=\"lazy\" class=\"alignnone size-medium wp-image-3551\" src=\"https:\/\/www.bergstugan.net\/wp-content\/uploads\/2022\/06\/cropped-cropped-4-rotated-1-300x300.jpg\" alt=\"\" width=\"300\" height=\"300\" srcset=\"https:\/\/www.bergstugan.net\/wp-content\/uploads\/2022\/06\/cropped-cropped-4-rotated-1-300x300.jpg 300w, https:\/\/www.bergstugan.net\/wp-content\/uploads\/2022\/06\/cropped-cropped-4-rotated-1-1024x1024.jpg 1024w, https:\/\/www.bergstugan.net\/wp-content\/uploads\/2022\/06\/cropped-cropped-4-rotated-1-150x150.jpg 150w, https:\/\/www.bergstugan.net\/wp-content\/uploads\/2022\/06\/cropped-cropped-4-rotated-1-768x769.jpg 768w, https:\/\/www.bergstugan.net\/wp-content\/uploads\/2022\/06\/cropped-cropped-4-rotated-1.jpg 1509w\" sizes=\"(max-width: 300px) 100vw, 300px\" \/><\/a><a href=\"https:\/\/www.bergstugan.net\/wp-content\/uploads\/2022\/06\/6-rotated.jpg\"><img decoding=\"async\" loading=\"lazy\" class=\"alignnone size-medium wp-image-3047\" src=\"https:\/\/www.bergstugan.net\/wp-content\/uploads\/2022\/06\/6-225x300.jpg\" alt=\"\" width=\"225\" height=\"300\" srcset=\"https:\/\/www.bergstugan.net\/wp-content\/uploads\/2022\/06\/6-225x300.jpg 225w, https:\/\/www.bergstugan.net\/wp-content\/uploads\/2022\/06\/6-768x1024.jpg 768w, https:\/\/www.bergstugan.net\/wp-content\/uploads\/2022\/06\/6-1152x1536.jpg 1152w, https:\/\/www.bergstugan.net\/wp-content\/uploads\/2022\/06\/6-750x1000.jpg 750w, https:\/\/www.bergstugan.net\/wp-content\/uploads\/2022\/06\/6-rotated.jpg 1512w\" sizes=\"(max-width: 225px) 100vw, 225px\" \/><\/a><a href=\"https:\/\/www.bergstugan.net\/wp-content\/uploads\/2023\/04\/b1-scaled.jpg\"><img decoding=\"async\" loading=\"lazy\" class=\"alignnone size-medium wp-image-3565\" src=\"https:\/\/www.bergstugan.net\/wp-content\/uploads\/2023\/04\/b1-225x300.jpg\" alt=\"\" width=\"225\" height=\"300\" srcset=\"https:\/\/www.bergstugan.net\/wp-content\/uploads\/2023\/04\/b1-225x300.jpg 225w, https:\/\/www.bergstugan.net\/wp-content\/uploads\/2023\/04\/b1-768x1024.jpg 768w, https:\/\/www.bergstugan.net\/wp-content\/uploads\/2023\/04\/b1-1152x1536.jpg 1152w, https:\/\/www.bergstugan.net\/wp-content\/uploads\/2023\/04\/b1-1536x2048.jpg 1536w, https:\/\/www.bergstugan.net\/wp-content\/uploads\/2023\/04\/b1-scaled.jpg 1920w\" sizes=\"(max-width: 225px) 100vw, 225px\" \/><\/a> <a href=\"https:\/\/www.bergstugan.net\/wp-content\/uploads\/2023\/04\/b-scaled.jpg\"><img decoding=\"async\" loading=\"lazy\" class=\"alignnone size-medium wp-image-3566\" src=\"https:\/\/www.bergstugan.net\/wp-content\/uploads\/2023\/04\/b-225x300.jpg\" alt=\"\" width=\"225\" height=\"300\" srcset=\"https:\/\/www.bergstugan.net\/wp-content\/uploads\/2023\/04\/b-225x300.jpg 225w, https:\/\/www.bergstugan.net\/wp-content\/uploads\/2023\/04\/b-768x1024.jpg 768w, https:\/\/www.bergstugan.net\/wp-content\/uploads\/2023\/04\/b-1152x1536.jpg 1152w, https:\/\/www.bergstugan.net\/wp-content\/uploads\/2023\/04\/b-1536x2048.jpg 1536w, https:\/\/www.bergstugan.net\/wp-content\/uploads\/2023\/04\/b-scaled.jpg 1920w\" sizes=\"(max-width: 225px) 100vw, 225px\" \/><\/a><a href=\"https:\/\/www.bergstugan.net\/wp-content\/uploads\/2022\/06\/2-rotated.jpg\"><img decoding=\"async\" loading=\"lazy\" class=\"alignnone size-medium wp-image-3044\" src=\"https:\/\/www.bergstugan.net\/wp-content\/uploads\/2022\/06\/2-225x300.jpg\" alt=\"\" width=\"225\" height=\"300\" srcset=\"https:\/\/www.bergstugan.net\/wp-content\/uploads\/2022\/06\/2-225x300.jpg 225w, https:\/\/www.bergstugan.net\/wp-content\/uploads\/2022\/06\/2-768x1024.jpg 768w, https:\/\/www.bergstugan.net\/wp-content\/uploads\/2022\/06\/2-1152x1536.jpg 1152w, https:\/\/www.bergstugan.net\/wp-content\/uploads\/2022\/06\/2-750x1000.jpg 750w, https:\/\/www.bergstugan.net\/wp-content\/uploads\/2022\/06\/2-rotated.jpg 1512w\" sizes=\"(max-width: 225px) 100vw, 225px\" \/><\/a><\/p>\n<p style=\"text-align: center;\"><\/p>","protected":false},"excerpt":{"rendered":"<p>Helger och kv\u00e4llar har vi festv\u00e5nings verksamhet. Vi har lokalen, maten, drycken &amp; personalen f\u00f6r att g\u00f6ra er fest. Oavsett om Ni gifter er, fyller \u00e5r, eller vill samla familjen, v\u00e4nner, jobbkamraterna eller idrottsg\u00e4nget. Minsta antal \u00e4r ca 25 personer,\u00a0kontakta oss om du \u00e4r tveksam om antalet. Restaurangen har&nbsp;fullst\u00e4ndiga r\u00e4ttigheter och vi &#8221;garanterar&#8221; en h\u00e4rlig [&hellip;]<\/p>\n","protected":false},"author":1,"featured_media":3046,"parent":51,"menu_order":1,"comment_status":"open","ping_status":"open","template":"","meta":[],"_links":{"self":[{"href":"https:\/\/www.bergstugan.net\/index.php?rest_route=\/wp\/v2\/pages\/92"}],"collection":[{"href":"https:\/\/www.bergstugan.net\/index.php?rest_route=\/wp\/v2\/pages"}],"about":[{"href":"https:\/\/www.bergstugan.net\/index.php?rest_route=\/wp\/v2\/types\/page"}],"author":[{"embeddable":true,"href":"https:\/\/www.bergstugan.net\/index.php?rest_route=\/wp\/v2\/users\/1"}],"replies":[{"embeddable":true,"href":"https:\/\/www.bergstugan.net\/index.php?rest_route=%2Fwp%2Fv2%2Fcomments&post=92"}],"version-history":[{"count":28,"href":"https:\/\/www.bergstugan.net\/index.php?rest_route=\/wp\/v2\/pages\/92\/revisions"}],"predecessor-version":[{"id":4114,"href":"https:\/\/www.bergstugan.net\/index.php?rest_route=\/wp\/v2\/pages\/92\/revisions\/4114"}],"up":[{"embeddable":true,"href":"https:\/\/www.bergstugan.net\/index.php?rest_route=\/wp\/v2\/pages\/51"}],"wp:featuredmedia":[{"embeddable":true,"href":"https:\/\/www.bergstugan.net\/index.php?rest_route=\/wp\/v2\/media\/3046"}],"wp:attachment":[{"href":"https:\/\/www.bergstugan.net\/index.php?rest_route=%2Fwp%2Fv2%2Fmedia&parent=92"}],"curies":[{"name":"wp","href":"https:\/\/api.w.org\/{rel}","templated":true}]}}