{"id":103,"date":"2013-12-11T22:05:22","date_gmt":"2013-12-11T21:05:22","guid":{"rendered":"http:\/\/www.bergstugan.net\/?page_id=103"},"modified":"2023-04-23T21:10:38","modified_gmt":"2023-04-23T19:10:38","slug":"om-bergstugan","status":"publish","type":"page","link":"https:\/\/www.bergstugan.net\/?page_id=103","title":{"rendered":"Om Bergstugan"},"content":{"rendered":"\n<p>Nedan ser vi Bergstugan fr\u00e5n sent 1800-tal och tidigt 1900-tal<\/p>\n\n\n<div class=\"wp-block-image\">\n<figure class=\"aligncenter\"><a href=\"http:\/\/www.bergstugan.net\/wp-content\/uploads\/2013\/12\/bstugan1.jpeg\"><img decoding=\"async\" loading=\"lazy\" width=\"1920\" height=\"1080\" src=\"http:\/\/www.bergstugan.net\/wp-content\/uploads\/2013\/12\/bstugan1.jpeg\" alt=\"bstugan1\" class=\"wp-image-134\" srcset=\"https:\/\/www.bergstugan.net\/wp-content\/uploads\/2013\/12\/bstugan1.jpeg 1920w, https:\/\/www.bergstugan.net\/wp-content\/uploads\/2013\/12\/bstugan1-300x168.jpeg 300w, https:\/\/www.bergstugan.net\/wp-content\/uploads\/2013\/12\/bstugan1-1024x576.jpeg 1024w, https:\/\/www.bergstugan.net\/wp-content\/uploads\/2013\/12\/bstugan1-600x338.jpeg 600w, https:\/\/www.bergstugan.net\/wp-content\/uploads\/2013\/12\/bstugan1-1140x641.jpeg 1140w\" sizes=\"(max-width: 1920px) 100vw, 1920px\" \/><\/a><\/figure><\/div>\n\n<div class=\"wp-block-image\">\n<figure class=\"aligncenter\"><a href=\"http:\/\/www.bergstugan.net\/wp-content\/uploads\/2013\/12\/bstugan.jpeg\"><img decoding=\"async\" loading=\"lazy\" width=\"1920\" height=\"1080\" src=\"http:\/\/www.bergstugan.net\/wp-content\/uploads\/2013\/12\/bstugan.jpeg\" alt=\"bstugan\" class=\"wp-image-133\" srcset=\"https:\/\/www.bergstugan.net\/wp-content\/uploads\/2013\/12\/bstugan.jpeg 1920w, https:\/\/www.bergstugan.net\/wp-content\/uploads\/2013\/12\/bstugan-300x168.jpeg 300w, https:\/\/www.bergstugan.net\/wp-content\/uploads\/2013\/12\/bstugan-1024x576.jpeg 1024w, https:\/\/www.bergstugan.net\/wp-content\/uploads\/2013\/12\/bstugan-600x338.jpeg 600w, https:\/\/www.bergstugan.net\/wp-content\/uploads\/2013\/12\/bstugan-1140x641.jpeg 1140w\" sizes=\"(max-width: 1920px) 100vw, 1920px\" \/><\/a><\/figure><\/div>\n\n\n<p>Bergstugan var f\u00e4rdigbyggd till Norrt\u00e4lje stads 300 \u00e5rs jubileum 1922.<\/p>\n\n\n\n<p>Historien bakom \u00e4r f\u00f6ljande:<\/p>\n\n\n\n<p>Norrt\u00e4lje fabriks och Hantverksf\u00f6rening , NFHF, vimpeln sitter p\u00e5 taket.<\/p>\n\n\n\n<p>Styrelsen&nbsp; f\u00f6r NFHF&nbsp; sammantr\u00e4dde den 8 juli&nbsp;1918&nbsp;, s\u00e5 framf\u00f6rde C.A.Nordstr\u00f6m ett \u00f6nskem\u00e5l om att g\u00f6ra S\u00d6DRA BERGEN i Norrt\u00e4lje attraktiva och tillg\u00e4ngliga genom att d\u00e4r bygga en serveringspaviljong och anl\u00e4gga promenadv\u00e4gar mm. Samtidigt skulle f\u00f6reningen f\u00e5 en samlingslokal f\u00f6r sina sammankomster.<\/p>\n\n\n\n<p>Vid styrelsens sammantr\u00e4de den 13 september 1918, var man redo att&nbsp; utse en kommitt\u00e9 best\u00e5ende&nbsp; av herrarna&nbsp; C.A.Nordstr\u00f6m,&nbsp; J.P. Sandin, O.F.Larsson samt Ludvig Porath,&nbsp;de fick i uppdrag att intressera Norrt\u00e4lje stads myndigheter f\u00f6r fr\u00e5gan. F\u00f6reningen fick gott gensvar&nbsp; och&nbsp; gemensamt utarbetades flera f\u00f6rslag \u00e5 byggnad och anl\u00e4ggningar.<\/p>\n\n\n\n<p>Man enades om att Norrt\u00e4lje stad skulle utf\u00f6ra och bekosta uppfartsv\u00e4g och promenadv\u00e4gar och uppl\u00e5ta l\u00e4mpligt tomtomr\u00e5de att uppf\u00f6ra&nbsp; en serveringspaviljong p\u00e5, medan f\u00f6reningen skulle bygga huset enligt,&nbsp; av myndigheten godk\u00e4nda ritningar. \u00c5r 1922, det \u00e5r d\u00e5 Norrt\u00e4lje stad firade sitt 300 \u00e5rs jubileum stod Bergstugan&nbsp; f\u00e4rdig och entledigade f\u00f6reningens kommitt\u00e9 efter v\u00e4l f\u00f6rr\u00e4ttat v\u00e4rv. stugan hade kostat ca: 9000 kr att uppf\u00f6ra.<\/p>\n\n\n\n<p>(Gustav V bes\u00f6kte Norrt\u00e4ljes 300 \u00e5r jubileum, d\u00e4r han bl,a s\u00e5g Ludvig Poraths kopparurnor, och best\u00e4llde genast n\u00e5gra till slottet, p\u00e5 s\u00e5 s\u00e4tt blev Ludvig Porath Hovleverant\u00f6r.)<\/p>\n\n\n\n<p>H\u00e4rmed hade Norrt\u00e4lje f\u00e5tt en f\u00f6rn\u00e4mlig utsiktsplats.<\/p>\n\n\n\n<p>Norrt\u00e4lje \u00c5ngbryggeri AB genom sin disponent Bille donerde 3000 kr till f\u00f6reningen f\u00f6r dess viktiga insatser f\u00f6r f\u00f6rtagandet i staden och goda samh\u00e4llsinsatser.<\/p>\n\n\n\n<p>Apotekare Balkenhausen donerade ocks\u00e5 medel till f\u00f6reningen f\u00f6r S\u00f6dra Bergets f\u00f6rsk\u00f6nande, d\u00e4rvid byggdes den stenbalustrad som vi alla njuter av, med kompassrosen.<\/p>\n\n\n\n<p>Vid Bergstugans invigning sk\u00e4nkte kopparslagare Ludvig Porath ett antikt golvur att placeras i Bergstugan samlingssal med enda f\u00f6rbeh\u00e5llet att uret alltid m\u00e5ste f\u00e5 ha sin plats d\u00e4r &nbsp;(idag st\u00e5r uret i NFHF lokal i sparbankshuset).<\/p>\n\n\n\n<p><\/p>\n","protected":false},"excerpt":{"rendered":"<p>Nedan ser vi Bergstugan fr\u00e5n sent 1800-tal och tidigt 1900-tal Bergstugan var f\u00e4rdigbyggd till Norrt\u00e4lje stads 300 \u00e5rs jubileum 1922. Historien bakom \u00e4r f\u00f6ljande: Norrt\u00e4lje fabriks och Hantverksf\u00f6rening , NFHF, vimpeln sitter p\u00e5 taket. Styrelsen&nbsp; f\u00f6r NFHF&nbsp; sammantr\u00e4dde den 8 juli&nbsp;1918&nbsp;, s\u00e5 framf\u00f6rde C.A.Nordstr\u00f6m ett \u00f6nskem\u00e5l om att g\u00f6ra S\u00d6DRA BERGEN i Norrt\u00e4lje attraktiva och [&hellip;]<\/p>\n","protected":false},"author":1,"featured_media":0,"parent":51,"menu_order":4,"comment_status":"open","ping_status":"open","template":"","meta":[],"_links":{"self":[{"href":"https:\/\/www.bergstugan.net\/index.php?rest_route=\/wp\/v2\/pages\/103"}],"collection":[{"href":"https:\/\/www.bergstugan.net\/index.php?rest_route=\/wp\/v2\/pages"}],"about":[{"href":"https:\/\/www.bergstugan.net\/index.php?rest_route=\/wp\/v2\/types\/page"}],"author":[{"embeddable":true,"href":"https:\/\/www.bergstugan.net\/index.php?rest_route=\/wp\/v2\/users\/1"}],"replies":[{"embeddable":true,"href":"https:\/\/www.bergstugan.net\/index.php?rest_route=%2Fwp%2Fv2%2Fcomments&post=103"}],"version-history":[{"count":13,"href":"https:\/\/www.bergstugan.net\/index.php?rest_route=\/wp\/v2\/pages\/103\/revisions"}],"predecessor-version":[{"id":3391,"href":"https:\/\/www.bergstugan.net\/index.php?rest_route=\/wp\/v2\/pages\/103\/revisions\/3391"}],"up":[{"embeddable":true,"href":"https:\/\/www.bergstugan.net\/index.php?rest_route=\/wp\/v2\/pages\/51"}],"wp:attachment":[{"href":"https:\/\/www.bergstugan.net\/index.php?rest_route=%2Fwp%2Fv2%2Fmedia&parent=103"}],"curies":[{"name":"wp","href":"https:\/\/api.w.org\/{rel}","templated":true}]}}